{"id":795,"date":"2025-03-06T22:28:58","date_gmt":"2025-03-06T22:28:58","guid":{"rendered":"https:\/\/cutestorereborn.cl\/tienda\/?post_type=product&#038;p=795"},"modified":"2025-03-06T22:38:34","modified_gmt":"2025-03-06T22:38:34","slug":"conjunto-arcoiris-copia","status":"publish","type":"product","link":"https:\/\/cutestorereborn.cl\/tienda\/producto\/conjunto-arcoiris-copia\/","title":{"rendered":"Pa\u00f1al ajustable rojo"},"content":{"rendered":"","protected":false},"excerpt":{"rendered":"<p>Est\u00e1s buscando un pa\u00f1al c\u00f3modo y ajustable para tu beb\u00e9 Reborn? \u00a1Este pa\u00f1al es la soluci\u00f3n perfecta!<\/p>\n<p>Nuestro pa\u00f1al ajustable es dise\u00f1ado espec\u00edficamente para\u00a0 que se adapte perfectamente a su cuerpo ya sea de vinilo o de tela.<\/p>\n","protected":false},"featured_media":797,"comment_status":"open","ping_status":"closed","template":"","meta":[],"product_brand":[],"product_cat":[18],"product_tag":[66,68,67,64],"class_list":{"0":"post-795","1":"product","2":"type-product","3":"status-publish","4":"has-post-thumbnail","6":"product_cat-ropaaccesorios","7":"product_tag-chaleco","8":"product_tag-muneca","9":"product_tag-reborn","10":"product_tag-vestido","12":"first","13":"instock","14":"shipping-taxable","15":"purchasable","16":"product-type-simple"},"jetpack_sharing_enabled":true,"_links":{"self":[{"href":"https:\/\/cutestorereborn.cl\/tienda\/wp-json\/wp\/v2\/product\/795","targetHints":{"allow":["GET"]}}],"collection":[{"href":"https:\/\/cutestorereborn.cl\/tienda\/wp-json\/wp\/v2\/product"}],"about":[{"href":"https:\/\/cutestorereborn.cl\/tienda\/wp-json\/wp\/v2\/types\/product"}],"replies":[{"embeddable":true,"href":"https:\/\/cutestorereborn.cl\/tienda\/wp-json\/wp\/v2\/comments?post=795"}],"wp:featuredmedia":[{"embeddable":true,"href":"https:\/\/cutestorereborn.cl\/tienda\/wp-json\/wp\/v2\/media\/797"}],"wp:attachment":[{"href":"https:\/\/cutestorereborn.cl\/tienda\/wp-json\/wp\/v2\/media?parent=795"}],"wp:term":[{"taxonomy":"product_brand","embeddable":true,"href":"https:\/\/cutestorereborn.cl\/tienda\/wp-json\/wp\/v2\/product_brand?post=795"},{"taxonomy":"product_cat","embeddable":true,"href":"https:\/\/cutestorereborn.cl\/tienda\/wp-json\/wp\/v2\/product_cat?post=795"},{"taxonomy":"product_tag","embeddable":true,"href":"https:\/\/cutestorereborn.cl\/tienda\/wp-json\/wp\/v2\/product_tag?post=795"}],"curies":[{"name":"wp","href":"https:\/\/api.w.org\/{rel}","templated":true}]}}