{"id":776,"date":"2025-03-04T16:48:35","date_gmt":"2025-03-04T16:48:35","guid":{"rendered":"https:\/\/cutestorereborn.cl\/tienda\/?post_type=product&#038;p=776"},"modified":"2025-03-06T20:16:44","modified_gmt":"2025-03-06T20:16:44","slug":"cartera-unicornio-para-accesorios","status":"publish","type":"product","link":"https:\/\/cutestorereborn.cl\/tienda\/producto\/cartera-unicornio-para-accesorios\/","title":{"rendered":"cartera unicornio para accesorios"},"content":{"rendered":"","protected":false},"excerpt":{"rendered":"<p>\u00bfEst\u00e1s buscando una forma c\u00f3moda y elegante de llevar tus accesorios de mu\u00f1ecas? \u00a1Este bolsito es la soluci\u00f3n perfecta!<\/p>\n<p>Nuestra cartera es ideal para que puedas llevar todos los accesorios de tu beb\u00e9 de manera segura y organizada. En ella podr\u00e1s almacenar\u00a0 ropa, pa\u00f1ales, juguetes y m\u00e1s.<\/p>\n<p>\u00a1No esperes m\u00e1s! \u00a1Comprar ahora y disfrutar de la comodidad y el estilo!<\/p>\n<p>&nbsp;<\/p>\n","protected":false},"featured_media":786,"comment_status":"open","ping_status":"closed","template":"","meta":[],"product_brand":[],"product_cat":[18],"product_tag":[65,62,63,64],"class_list":{"0":"post-776","1":"product","2":"type-product","3":"status-publish","4":"has-post-thumbnail","6":"product_cat-ropaaccesorios","7":"product_tag-calcetines","8":"product_tag-cintillo","9":"product_tag-pantalon","10":"product_tag-vestido","12":"first","13":"instock","14":"shipping-taxable","15":"purchasable","16":"product-type-simple"},"jetpack_sharing_enabled":true,"_links":{"self":[{"href":"https:\/\/cutestorereborn.cl\/tienda\/wp-json\/wp\/v2\/product\/776","targetHints":{"allow":["GET"]}}],"collection":[{"href":"https:\/\/cutestorereborn.cl\/tienda\/wp-json\/wp\/v2\/product"}],"about":[{"href":"https:\/\/cutestorereborn.cl\/tienda\/wp-json\/wp\/v2\/types\/product"}],"replies":[{"embeddable":true,"href":"https:\/\/cutestorereborn.cl\/tienda\/wp-json\/wp\/v2\/comments?post=776"}],"wp:featuredmedia":[{"embeddable":true,"href":"https:\/\/cutestorereborn.cl\/tienda\/wp-json\/wp\/v2\/media\/786"}],"wp:attachment":[{"href":"https:\/\/cutestorereborn.cl\/tienda\/wp-json\/wp\/v2\/media?parent=776"}],"wp:term":[{"taxonomy":"product_brand","embeddable":true,"href":"https:\/\/cutestorereborn.cl\/tienda\/wp-json\/wp\/v2\/product_brand?post=776"},{"taxonomy":"product_cat","embeddable":true,"href":"https:\/\/cutestorereborn.cl\/tienda\/wp-json\/wp\/v2\/product_cat?post=776"},{"taxonomy":"product_tag","embeddable":true,"href":"https:\/\/cutestorereborn.cl\/tienda\/wp-json\/wp\/v2\/product_tag?post=776"}],"curies":[{"name":"wp","href":"https:\/\/api.w.org\/{rel}","templated":true}]}}