{"id":1067,"date":"2026-03-21T22:03:01","date_gmt":"2026-03-21T22:03:01","guid":{"rendered":"https:\/\/cutestorereborn.cl\/tienda\/?post_type=product&#038;p=1067"},"modified":"2026-03-21T22:05:15","modified_gmt":"2026-03-21T22:05:15","slug":"muneca-pelo-largo-vestido-rosa-copia","status":"publish","type":"product","link":"https:\/\/cutestorereborn.cl\/tienda\/producto\/muneca-pelo-largo-vestido-rosa-copia\/","title":{"rendered":"Mu\u00f1eca pelo largo outfit osito"},"content":{"rendered":"","protected":false},"excerpt":{"rendered":"<p>Sabemos que muchas veces buscas algo m\u00e1s que un juguete\u2026<br \/>\nbuscas algo que realmente conecte con tu hija, que la entretenga, pero tambi\u00e9n la acompa\u00f1e, la calme y la haga feliz de verdad \ud83d\udc97<\/p>\n<p>Esta mu\u00f1eca Reborn es perfecta para eso \u2728<br \/>\nPorque combina lo que m\u00e1s aman las ni\u00f1as: jugar, peinar y cuidar como una verdadera mam\u00e1.<br \/>\n\ud83d\udc67 Cabello largo para peinar y crear<br \/>\nUna de sus caracter\u00edsticas favoritas es su hermoso pelo largo, ideal para que tu hija pueda hacer peinados, trenzas y jugar por horas. Esto no solo entretiene, sino que tambi\u00e9n desarrolla su creatividad y motricidad fina.<br \/>\n\ud83d\udca7 Cuerpo de vinilo completo (\u00a1se puede ba\u00f1ar!)<br \/>\nPuedes estar tranquila: esta mu\u00f1eca est\u00e1 hecha de vinilo completo, lo que permite que tu hija pueda ba\u00f1arla sin problema, haciendo el juego mucho m\u00e1s real y entretenido.<br \/>\n\ud83d\udc57 Outfit Cute Store incluido<br \/>\nViene vestida con un hermoso outfit exclusivo de Cute Store, lleno de detalles delicados y colores suaves que la hacen a\u00fan m\u00e1s especial. Adem\u00e1s, puedes cambiarle la ropa y seguir creando nuevas historias de juego.<\/p>\n<p>\u2728 \u00bfPor qu\u00e9 las mam\u00e1s la eligen?<br \/>\nFomenta el juego de roles y la empat\u00eda<br \/>\nAyuda a que las ni\u00f1as se entretengan de forma sana y creativa<br \/>\nSe convierte en una compa\u00f1era de juego y tambi\u00e9n de momentos de calma<br \/>\nIdeal para ni\u00f1as que aman peinar, vestir y cuidar<br \/>\n\ud83d\udccf Mide aproximadamente 50 cm, tama\u00f1o perfecto para una experiencia m\u00e1s realista.<br \/>\n\ud83d\udc97 M\u00e1s que una mu\u00f1eca, es una experiencia que acompa\u00f1a el crecimiento emocional de tu hija.<br \/>\nPerfecta para regalar amor, imaginaci\u00f3n y horas de juego significativo.<\/p>\n<p><strong>\u00a0\u00a0\u00a0\u00a0\u00a0\u00a0\u00a0 Incluye:<\/strong><\/p>\n<ul>\n<li>Aros<\/li>\n<li>Pa\u00f1al<\/li>\n<li>Vestimenta de la imagen<\/li>\n<li>Mamadera<\/li>\n<li>Chupete magn\u00e9tico<\/li>\n<li>Colets para el pelo<\/li>\n<li>Cintillo<\/li>\n<li>Certificado de nacimiento<\/li>\n<\/ul>\n<p>&nbsp;<\/p>\n","protected":false},"featured_media":1071,"comment_status":"open","ping_status":"closed","template":"","meta":[],"product_brand":[],"product_cat":[19,100],"product_tag":[69,68,104,67,70],"class_list":{"0":"post-1067","1":"product","2":"type-product","3":"status-publish","4":"has-post-thumbnail","6":"product_cat-reborn","7":"product_cat-vinilo-completo","8":"product_tag-bebe","9":"product_tag-muneca","10":"product_tag-pelo-largo","11":"product_tag-reborn","12":"product_tag-vinilo","13":"pa_material-lulu","15":"first","16":"instock","17":"shipping-taxable","18":"purchasable","19":"product-type-simple"},"jetpack_sharing_enabled":true,"_links":{"self":[{"href":"https:\/\/cutestorereborn.cl\/tienda\/wp-json\/wp\/v2\/product\/1067","targetHints":{"allow":["GET"]}}],"collection":[{"href":"https:\/\/cutestorereborn.cl\/tienda\/wp-json\/wp\/v2\/product"}],"about":[{"href":"https:\/\/cutestorereborn.cl\/tienda\/wp-json\/wp\/v2\/types\/product"}],"replies":[{"embeddable":true,"href":"https:\/\/cutestorereborn.cl\/tienda\/wp-json\/wp\/v2\/comments?post=1067"}],"wp:featuredmedia":[{"embeddable":true,"href":"https:\/\/cutestorereborn.cl\/tienda\/wp-json\/wp\/v2\/media\/1071"}],"wp:attachment":[{"href":"https:\/\/cutestorereborn.cl\/tienda\/wp-json\/wp\/v2\/media?parent=1067"}],"wp:term":[{"taxonomy":"product_brand","embeddable":true,"href":"https:\/\/cutestorereborn.cl\/tienda\/wp-json\/wp\/v2\/product_brand?post=1067"},{"taxonomy":"product_cat","embeddable":true,"href":"https:\/\/cutestorereborn.cl\/tienda\/wp-json\/wp\/v2\/product_cat?post=1067"},{"taxonomy":"product_tag","embeddable":true,"href":"https:\/\/cutestorereborn.cl\/tienda\/wp-json\/wp\/v2\/product_tag?post=1067"}],"curies":[{"name":"wp","href":"https:\/\/api.w.org\/{rel}","templated":true}]}}