{"id":1045,"date":"2026-01-23T22:25:47","date_gmt":"2026-01-23T22:25:47","guid":{"rendered":"https:\/\/cutestorereborn.cl\/tienda\/?post_type=product&#038;p=1045"},"modified":"2026-01-23T22:29:15","modified_gmt":"2026-01-23T22:29:15","slug":"pijama-largo","status":"publish","type":"product","link":"https:\/\/cutestorereborn.cl\/tienda\/producto\/pijama-largo\/","title":{"rendered":"Pijama largo"},"content":{"rendered":"","protected":false},"excerpt":{"rendered":"<div>Nuestra ropa para mu\u00f1ecas es dise\u00f1ada para darle un toque de estilo y personalidad a tu beb\u00e9 Reborn. Con una variedad de estilos,\u00a0 colores y tallas, puedes encontrar la ropa perfecta para tu mu\u00f1eca.<\/div>\n<div><\/div>\n<div>Este oufit Incluye:\u00a0 polera manga larga, jardinera y calcetines.<\/div>\n<div><\/div>\n<div>Tama\u00f1o 30 -50 cm<\/div>\n","protected":false},"featured_media":1046,"comment_status":"open","ping_status":"closed","template":"","meta":[],"product_brand":[],"product_cat":[18],"product_tag":[87,88],"class_list":{"0":"post-1045","1":"product","2":"type-product","3":"status-publish","4":"has-post-thumbnail","6":"product_cat-ropaaccesorios","7":"product_tag-incluye-jardinera","8":"product_tag-poleron-y-babero-tamano-30-50-cm","10":"first","11":"instock","12":"shipping-taxable","13":"purchasable","14":"product-type-simple"},"jetpack_sharing_enabled":true,"_links":{"self":[{"href":"https:\/\/cutestorereborn.cl\/tienda\/wp-json\/wp\/v2\/product\/1045","targetHints":{"allow":["GET"]}}],"collection":[{"href":"https:\/\/cutestorereborn.cl\/tienda\/wp-json\/wp\/v2\/product"}],"about":[{"href":"https:\/\/cutestorereborn.cl\/tienda\/wp-json\/wp\/v2\/types\/product"}],"replies":[{"embeddable":true,"href":"https:\/\/cutestorereborn.cl\/tienda\/wp-json\/wp\/v2\/comments?post=1045"}],"wp:featuredmedia":[{"embeddable":true,"href":"https:\/\/cutestorereborn.cl\/tienda\/wp-json\/wp\/v2\/media\/1046"}],"wp:attachment":[{"href":"https:\/\/cutestorereborn.cl\/tienda\/wp-json\/wp\/v2\/media?parent=1045"}],"wp:term":[{"taxonomy":"product_brand","embeddable":true,"href":"https:\/\/cutestorereborn.cl\/tienda\/wp-json\/wp\/v2\/product_brand?post=1045"},{"taxonomy":"product_cat","embeddable":true,"href":"https:\/\/cutestorereborn.cl\/tienda\/wp-json\/wp\/v2\/product_cat?post=1045"},{"taxonomy":"product_tag","embeddable":true,"href":"https:\/\/cutestorereborn.cl\/tienda\/wp-json\/wp\/v2\/product_tag?post=1045"}],"curies":[{"name":"wp","href":"https:\/\/api.w.org\/{rel}","templated":true}]}}