{"id":1011,"date":"2025-12-06T19:47:01","date_gmt":"2025-12-06T19:47:01","guid":{"rendered":"https:\/\/cutestorereborn.cl\/tienda\/?post_type=product&#038;p=1011"},"modified":"2026-01-23T22:24:27","modified_gmt":"2026-01-23T22:24:27","slug":"conjunto-3-piezas","status":"publish","type":"product","link":"https:\/\/cutestorereborn.cl\/tienda\/producto\/conjunto-3-piezas\/","title":{"rendered":"Conjunto 3 piezas"},"content":{"rendered":"","protected":false},"excerpt":{"rendered":"<div>Nuestra ropa para mu\u00f1ecas es dise\u00f1ada para darle un toque de estilo y personalidad a tu beb\u00e9 Reborn. Con una variedad de estilos,\u00a0 colores y tallas, puedes encontrar la ropa perfecta para tu mu\u00f1eca.<\/div>\n<div><\/div>\n<div>Este oufit Incluye:\u00a0 polera, pantal\u00f3n y cintillo.<\/div>\n<div><\/div>\n<div><\/div>\n","protected":false},"featured_media":1012,"comment_status":"open","ping_status":"closed","template":"","meta":[],"product_brand":[],"product_cat":[18],"product_tag":[87,88],"class_list":{"0":"post-1011","1":"product","2":"type-product","3":"status-publish","4":"has-post-thumbnail","6":"product_cat-ropaaccesorios","7":"product_tag-incluye-jardinera","8":"product_tag-poleron-y-babero-tamano-30-50-cm","10":"first","11":"instock","12":"shipping-taxable","13":"purchasable","14":"product-type-simple"},"jetpack_sharing_enabled":true,"_links":{"self":[{"href":"https:\/\/cutestorereborn.cl\/tienda\/wp-json\/wp\/v2\/product\/1011","targetHints":{"allow":["GET"]}}],"collection":[{"href":"https:\/\/cutestorereborn.cl\/tienda\/wp-json\/wp\/v2\/product"}],"about":[{"href":"https:\/\/cutestorereborn.cl\/tienda\/wp-json\/wp\/v2\/types\/product"}],"replies":[{"embeddable":true,"href":"https:\/\/cutestorereborn.cl\/tienda\/wp-json\/wp\/v2\/comments?post=1011"}],"wp:featuredmedia":[{"embeddable":true,"href":"https:\/\/cutestorereborn.cl\/tienda\/wp-json\/wp\/v2\/media\/1012"}],"wp:attachment":[{"href":"https:\/\/cutestorereborn.cl\/tienda\/wp-json\/wp\/v2\/media?parent=1011"}],"wp:term":[{"taxonomy":"product_brand","embeddable":true,"href":"https:\/\/cutestorereborn.cl\/tienda\/wp-json\/wp\/v2\/product_brand?post=1011"},{"taxonomy":"product_cat","embeddable":true,"href":"https:\/\/cutestorereborn.cl\/tienda\/wp-json\/wp\/v2\/product_cat?post=1011"},{"taxonomy":"product_tag","embeddable":true,"href":"https:\/\/cutestorereborn.cl\/tienda\/wp-json\/wp\/v2\/product_tag?post=1011"}],"curies":[{"name":"wp","href":"https:\/\/api.w.org\/{rel}","templated":true}]}}